{"id":3352,"date":"2014-04-15T19:36:00","date_gmt":"2014-04-15T19:36:00","guid":{"rendered":"http:\/\/enjooy.freevision.me\/layout2\/?page_id=5"},"modified":"2018-01-03T17:42:39","modified_gmt":"2018-01-03T17:42:39","slug":"home","status":"publish","type":"page","link":"https:\/\/eurekasmartsolution.it\/?page_id=3352","title":{"rendered":"Eurek@! proximity"},"content":{"rendered":"<p>[vc_row css=&#8221;.vc_custom_1500629242276{margin-top: 60px !important;}&#8221; el_id=&#8221;tecnologiap&#8221; row_id=&#8221;tecnologiap&#8221;][vc_column][vc_column_text]<\/p>\n<h1 id=\"fancy-title-206\" style=\"text-align: center;\">Un sistema completo per il marketing di prossimit\u00e0<\/h1>\n<h3 style=\"text-align: center;\"><span style=\"color: #808080;\">Le migliori tecnologie per rendere uniche le campagne di comunicazione.<\/span><\/h3>\n<p>[\/vc_column_text][\/vc_column][\/vc_row][vc_row][vc_column width=&#8221;1\/4&#8243;]<div id=\"tile-with-icon_icon5795\" class=\"title-with-icon-wrapper large \" data-color=\"\"><div class=\"wpb_content_element_x title-with-icon clearfix top-style\"><span  style=\"color:#ffffff !important;background-color:#ed1b24 !important;\" class=\"oic-map-streamline-user rounded large \" ><\/span><h4 style=\"\">Geofencing<\/h4><\/div><\/div>[\/vc_column][vc_column width=&#8221;1\/4&#8243;]<div id=\"tile-with-icon_icon4100\" class=\"title-with-icon-wrapper large \" data-color=\"\"><div class=\"wpb_content_element_x title-with-icon clearfix top-style\"><span  style=\"color:#ffffff !important;background-color:#ed1b24 !important;\" class=\"oic-wifi-3 rounded large \" ><\/span><h4 style=\"\">Beacons<\/h4><\/div><\/div>[\/vc_column][vc_column width=&#8221;1\/4&#8243;]<div id=\"tile-with-icon_icon9006\" class=\"title-with-icon-wrapper large \" data-color=\"\"><div class=\"wpb_content_element_x title-with-icon clearfix top-style\"><span  style=\"color:#ffffff !important;background-color:#ed1b24 !important;\" class=\"oic-remote-control-streamline rounded large \" ><\/span><h4 style=\"\">Comunicazioni push<\/h4><\/div><\/div>[\/vc_column][vc_column width=&#8221;1\/4&#8243;]<div id=\"tile-with-icon_icon4583\" class=\"title-with-icon-wrapper large \" data-color=\"\"><div class=\"wpb_content_element_x title-with-icon clearfix top-style\"><span  style=\"color:#ffffff !important;background-color:#ed1b24 !important;\" class=\"oic-sound rounded large \" ><\/span><h4 style=\"\">Messaggi di benvenuto<\/h4><\/div><\/div>[\/vc_column][\/vc_row][vc_row][vc_column width=&#8221;1\/4&#8243;]<div id=\"tile-with-icon_icon6473\" class=\"title-with-icon-wrapper large \" data-color=\"\"><div class=\"wpb_content_element_x title-with-icon clearfix top-style\"><span  style=\"color:#ffffff !important;background-color:#ed1b24 !important;\" class=\"oic-pricetag-multiple rounded large \" ><\/span><h4 style=\"\">Promo<\/h4><\/div><\/div>[\/vc_column][vc_column width=&#8221;1\/4&#8243;]<div id=\"tile-with-icon_icon6284\" class=\"title-with-icon-wrapper large \" data-color=\"\"><div class=\"wpb_content_element_x title-with-icon clearfix top-style\"><span  style=\"color:#ffffff !important;background-color:#ed1b24 !important;\" class=\"oic-like rounded large \" ><\/span><h4 style=\"\">Social Network<\/h4><\/div><\/div>[\/vc_column][vc_column width=&#8221;1\/4&#8243;]<div id=\"tile-with-icon_icon7421\" class=\"title-with-icon-wrapper large \" data-color=\"\"><div class=\"wpb_content_element_x title-with-icon clearfix top-style\"><span  style=\"color:#ffffff !important;background-color:#ed1b24 !important;\" class=\"oic-data rounded large \" ><\/span><h4 style=\"\">Raccolta dati<\/h4><\/div><\/div>[\/vc_column][vc_column width=&#8221;1\/4&#8243;]<div id=\"tile-with-icon_icon9683\" class=\"title-with-icon-wrapper large \" data-color=\"\"><div class=\"wpb_content_element_x title-with-icon clearfix top-style\"><span  style=\"color:#ffffff !important;background-color:#ed1b24 !important;\" class=\"oic-outlined-iconset-36 rounded large \" ><\/span><h4 style=\"\">Statistiche<\/h4><\/div><\/div>[\/vc_column][\/vc_row][vc_row css=&#8221;.vc_custom_1500629312535{margin-top: 60px !important;}&#8221; el_id=&#8221;contextualp&#8221; row_id=&#8221;contextualp&#8221;][vc_column][vc_column_text]<\/p>\n<h1 id=\"fancy-title-206\" style=\"text-align: center;\">Come funziona il Contextual Engagement<\/h1>\n<p>[\/vc_column_text][\/vc_column][\/vc_row][vc_row][vc_column]<div class=\"ozy-owlcarousel  \" data-autoplay=\"true\" data-items=\"4\" data-singleitem=\"false\" data-slidespeed=\"200\" data-autoheight=\"false\">\n<div class=\"item item-extended\" ><img src=\"https:\/\/eurekasmartsolution.it\/wp-content\/uploads\/2014\/04\/att_new1.jpg\" alt=\"\"\/><a><div class=\"overlay-one \"><h2><\/h2><\/div><div class=\"overlay-two\" style=\"background-color:rgba(30,115,190,0.8)\"><p>Applicazione opportunamente personalizzata che sfruttando il GPS e la tecnologia BLE del dispositivo mobile interagisce con i beacons consentendo di ricevere le notifiche push se, operando in background \u00e8 attiva ed autorizzata dall&#039;utente a ricevere tali notifiche. <\/p><\/div><\/a><\/div><div class=\"item item-extended\" ><img src=\"https:\/\/eurekasmartsolution.it\/wp-content\/uploads\/2014\/04\/att_new3_.jpg\" alt=\"\"\/><a><div class=\"overlay-one \"><h2><\/h2><\/div><div class=\"overlay-two\" style=\"background-color:rgba(130,36,227,0.8)\"><p>Il geofencing \u00e8 un&#039; ``perimetro virtuale`` che definisce i confini geografici virtuali di un&#039;entit\u00e0 in movimento attraverso le coordinate tracciate grazie al segnale (GPS) ricevuto da un dispositivo mobile. Se un determinato dispositivo entra o esce dall&#039;area in questione si innescher\u00e0 un&#039;azione.<\/p><\/div><\/a><\/div><div class=\"item item-extended\" ><img src=\"https:\/\/eurekasmartsolution.it\/wp-content\/uploads\/2014\/04\/att_new2-1.jpg\" alt=\"\"\/><a><div class=\"overlay-one \"><h2><\/h2><\/div><div class=\"overlay-two\"><p>I beacon sono trasmettitori radio a bassa potenza, alimentati a batteria, che sfruttando la tecnologia BLE monitorano la presenza di dispositivi mobili con i quali sono in grado di dialogare. Questi se posizionati opportunamente consentono di far vivere esperienze appaganti.<\/p><\/div><\/a><\/div><div class=\"item item-extended\" ><img src=\"https:\/\/eurekasmartsolution.it\/wp-content\/uploads\/2014\/04\/att_new4-1.jpg\" alt=\"\"\/><a><div class=\"overlay-one \"><h2><\/h2><\/div><div class=\"overlay-two\" style=\"background-color:rgba(0,18,79,0.8)\"><p>La notifica push \u00e8 una tipologia di messaggistica istantanea con la quale il messaggio perviene al destinatario, per il tramite di un&#039;app che sia attiva online ed autorizzata, senza che questi debba effettuare alcuna operazione di scaricamento.<\/p><\/div><\/a><\/div>\n<\/div>[\/vc_column][\/vc_row][vc_row css=&#8221;.vc_custom_1500629391827{margin-top: 60px !important;}&#8221; el_id=&#8221;applicazionip&#8221; row_id=&#8221;applicazionip&#8221;][vc_column][vc_column_text]<\/p>\n<h1 id=\"fancy-title-206\" style=\"text-align: center;\">Personalizzazioni per ogni ambito applicativo<\/h1>\n<p>[\/vc_column_text][\/vc_column][\/vc_row][vc_row font_color=&#8221;#ffffff&#8221; row_min_height=&#8221;600&#8243; css=&#8221;.vc_custom_1511198916380{margin-bottom: 0px !important;padding-top: 100px !important;padding-right: 100px !important;padding-bottom: 100px !important;padding-left: 100px !important;background-image: url(http:\/\/s3-eu-west-1.amazonaws.com\/enjooy\/uploads\/sites\/2\/2014\/04\/flat_bg.png?id=1372) !important;}&#8221; el_id=&#8221;box&#8221; row_id=&#8221;box&#8221;][vc_column width=&#8221;1\/4&#8243;]<div class=\"flip-container horizontal wpb_content_element_x\" ontouchstart=\"this.classList.toggle('hover');\" style=\"height:427px;\">\n\t\t\t\t<a class=\"flipper\" >\n\t\t\t\t\t<span class=\"front\" style=\"background-image:url(https:\/\/eurekasmartsolution.it\/wp-content\/uploads\/2014\/04\/ok.jpg);\">\n\t\t\t\t\t\t\n\t\t\t\t\t\t<h3 style=\"color:#ffffff\">Attivit\u00e0 Commerciali<\/h3>\n\t\t\t\t\t\t\n\t\t\t\t\t<\/span>\n\t\t\t\t\t<span class=\"back\" style=\"background-color:#1e4e66;\">\n\t\t\t\t\t\t\n\t\t\t\t\t\t<h3 style=\"color:#ffffff\">GDO, Catene di Negozi, Shopping Mall, Outlet. <\/h3>\n\t\t\t\t\t\t<p style=\"color:#ffffff\">Questa tecnologia risulta essere molto utile per gli esercizi commerciali che vogliono aumentare la componente digitale ed esperienziale del processo d\u2019acquisto, che pu\u00f2 essere vissuto in modo consapevole ed informato attraverso la notifica delle offerte, delle promozioni nonch\u00e9 i saldi e l\u2019arrivo delle nuove collezioni.<\/p>\n\t\t\t\t\t<\/span>\n\t\t\t\t<\/a>\n\t\t\t<\/div>[\/vc_column][vc_column width=&#8221;1\/4&#8243;]<div class=\"flip-container horizontal wpb_content_element_x\" ontouchstart=\"this.classList.toggle('hover');\" style=\"height:427px;\">\n\t\t\t\t<a class=\"flipper\" >\n\t\t\t\t\t<span class=\"front\" style=\"background-image:url(https:\/\/eurekasmartsolution.it\/wp-content\/uploads\/2014\/04\/ok-1.jpg);\">\n\t\t\t\t\t\t\n\t\t\t\t\t\t<h3 style=\"color:#ffffff\">Musei<\/h3>\n\t\t\t\t\t\t\n\t\t\t\t\t<\/span>\n\t\t\t\t\t<span class=\"back\" style=\"background-color:#79e757;\">\n\t\t\t\t\t\t\n\t\t\t\t\t\t<h3 style=\"color:#ffffff\">Musei, Gallerie D\u2019arte, Siti archeologici,Teatri, Fiere.<\/h3>\n\t\t\t\t\t\t<p style=\"color:#ffffff\">La tecnologia beacons non deve essere utilizzata solo per dare delle semplici informazioni di catalogo tipiche della normale museografia, bens\u00ec puntare all'aspetto emozionale ed esperienziale della visita museale per renderla pi\u00f9 immersiva e meno letteraria.<\/p>\n\t\t\t\t\t<\/span>\n\t\t\t\t<\/a>\n\t\t\t<\/div>[\/vc_column][vc_column width=&#8221;1\/4&#8243;]<div class=\"flip-container horizontal wpb_content_element_x\" ontouchstart=\"this.classList.toggle('hover');\" style=\"height:427px;\">\n\t\t\t\t<a class=\"flipper\" >\n\t\t\t\t\t<span class=\"front\" style=\"background-image:url(https:\/\/eurekasmartsolution.it\/wp-content\/uploads\/2014\/04\/ok_eventi.jpg);\">\n\t\t\t\t\t\t\n\t\t\t\t\t\t<h3 style=\"color:#ffffff\">Eventi<\/h3>\n\t\t\t\t\t\t\n\t\t\t\t\t<\/span>\n\t\t\t\t\t<span class=\"back\" style=\"background-color:#b116ba;\">\n\t\t\t\t\t\t\n\t\t\t\t\t\t<h3 style=\"color:#ffffff\">Stadi, Centri Congressi, Festival, manifestazioni.<\/h3>\n\t\t\t\t\t\t<p style=\"color:#ffffff\">In tali scenari oltre ai vantaggi legati alla fruizione di contenuti aggiuntivi e di funzioni incentrate sull\u2019interazione (statistiche in tempo reale, video con inquadrature complementari, oppure a una caccia al tesoro in un parco a tema), un elemento importante \u00e8 il supporto all\u2019orientamento.<\/p>\n\t\t\t\t\t<\/span>\n\t\t\t\t<\/a>\n\t\t\t<\/div>[\/vc_column][vc_column width=&#8221;1\/4&#8243;]<div class=\"flip-container horizontal wpb_content_element_x\" ontouchstart=\"this.classList.toggle('hover');\" style=\"height:427px;\">\n\t\t\t\t<a class=\"flipper\" >\n\t\t\t\t\t<span class=\"front\" style=\"background-image:url(https:\/\/eurekasmartsolution.it\/wp-content\/uploads\/2014\/04\/ok_tempolibero.jpg);\">\n\t\t\t\t\t\t\n\t\t\t\t\t\t<h3 style=\"color:#ffffff\">Tempo libero<\/h3>\n\t\t\t\t\t\t\n\t\t\t\t\t<\/span>\n\t\t\t\t\t<span class=\"back\" style=\"background-color:#ff591f;\">\n\t\t\t\t\t\t\n\t\t\t\t\t\t<h3 style=\"color:#ffffff\">Ristoranti, Bar, Palestre.<\/h3>\n\t\t\t\t\t\t<p style=\"color:#ffffff\">Nei locali dedicati alla consumazione di cibo o bevande, l\u2019esperienza dell\u2019utente \u00e8 particolarmente importante: il marketing di prossimit\u00e0 unendo al mondo fisico contenuti e possibilit\u00e0 di interazione digitali pu\u00f2 contribuire molto a migliorarla, e in particolare tramite l\u2019integrazione con i social network, a condividerla.<\/p>\n\t\t\t\t\t<\/span>\n\t\t\t\t<\/a>\n\t\t\t<\/div>[\/vc_column][\/vc_row][vc_row][vc_column width=&#8221;1\/2&#8243;]<div class=\"wpb_content_element_x\" style=\"text-align:left;\"><h4 style=\"border:1px solid #000000;background-color:#ffffff;color:#000000 !important;padding:10px;display:inline-block;\">UFFICI<\/h4><\/div><div id=\"tile-with-icon_icon8448\" class=\"title-with-icon-wrapper medium \" data-color=\"\"><div class=\"wpb_content_element_x title-with-icon clearfix \"><span  class=\"oic-location-1 clear medium \" ><\/span><h5 style=\"\">Via Matteo Bassi, 17 - Giffoni Valle Piana (SA) - Italy<\/h5><\/div><\/div><div id=\"tile-with-icon_icon4890\" class=\"title-with-icon-wrapper medium \" data-color=\"\"><div class=\"wpb_content_element_x title-with-icon clearfix \"><span  class=\"oic-telephone clear medium \" ><\/span><h5 style=\"\">+39 320 4555879<br \/>\n+39 338 9001019<\/h5><\/div><\/div><div id=\"tile-with-icon_icon5374\" class=\"title-with-icon-wrapper medium \" data-color=\"\"><div class=\"wpb_content_element_x title-with-icon clearfix \"><span  class=\"oic-mail clear medium \" ><\/span><h5 style=\"\">info@eurekasmartsolution.it<\/h5><\/div><\/div><div style=\"height:30px\" class=\"ozy-spacer\"><\/div><div class=\"wpb_content_element_x\" style=\"text-align:left;\"><h4 style=\"border:1px solid #000000;background-color:#ffffff;color:#000000 !important;padding:10px;display:inline-block;\">SOCIAL<\/h4><\/div><a href=\"https:\/\/www.facebook.com\/eurekasmartsolution\/\" target=\"_self\" class=\" ozy-icon-a\"><span id=\"ozy_icon_6269\" class=\"ozy-icon  wpb_content_element_x align-left large clean icon oic-facebook-circled \" style=\";float:left\" ><\/span><\/a><a href=\"https:\/\/www.linkedin.com\/company\/eureka-smart-solution-srls\" target=\"_self\" class=\" ozy-icon-a\"><span id=\"ozy_icon_2006\" class=\"ozy-icon  wpb_content_element_x align-left large clean icon oic-linkedin-circled \" style=\";float:left\" ><\/span><\/a><a href=\"https:\/\/plus.google.com\/117879307962605383269\" target=\"_self\" class=\" ozy-icon-a\"><span id=\"ozy_icon_7156\" class=\"ozy-icon  wpb_content_element_x align-left large clean icon oic-gplus-circled \" style=\";float:left\" ><\/span><\/a>[\/vc_column][vc_column width=&#8221;1\/2&#8243;]<div class=\"wpb_content_element_x\" style=\"text-align:left;\"><h4 style=\"border:1px solid #000000;background-color:#ffffff;color:#000000 !important;padding:10px;display:inline-block;\">PER INFO...<\/h4><\/div>\n<div class=\"wpcf7 no-js\" id=\"wpcf7-f317-o1\" lang=\"en-US\" dir=\"ltr\">\n<div class=\"screen-reader-response\"><p role=\"status\" aria-live=\"polite\" aria-atomic=\"true\"><\/p> <ul><\/ul><\/div>\n<form action=\"\/index.php?rest_route=%2Fwp%2Fv2%2Fpages%2F3352#wpcf7-f317-o1\" method=\"post\" class=\"wpcf7-form init\" aria-label=\"Contact form\" novalidate=\"novalidate\" data-status=\"init\">\n<div style=\"display: none;\">\n<input type=\"hidden\" name=\"_wpcf7\" value=\"317\" \/>\n<input type=\"hidden\" name=\"_wpcf7_version\" value=\"5.7.7\" \/>\n<input type=\"hidden\" name=\"_wpcf7_locale\" value=\"en_US\" \/>\n<input type=\"hidden\" name=\"_wpcf7_unit_tag\" value=\"wpcf7-f317-o1\" \/>\n<input type=\"hidden\" name=\"_wpcf7_container_post\" value=\"0\" \/>\n<input type=\"hidden\" name=\"_wpcf7_posted_data_hash\" value=\"\" \/>\n<input type=\"hidden\" name=\"_wpcf7_recaptcha_response\" value=\"\" \/>\n<\/div>\n<p>Nome \/ Email (richiesti)\n<\/p>\n<p><span class=\"wpcf7-form-control-wrap\" data-name=\"your-name\"><input size=\"40\" class=\"wpcf7-form-control wpcf7-text wpcf7-validates-as-required ozy-half-input\" aria-required=\"true\" aria-invalid=\"false\" value=\"\" type=\"text\" name=\"your-name\" \/><\/span><span class=\"wpcf7-form-control-wrap\" data-name=\"your-email\"><input size=\"40\" class=\"wpcf7-form-control wpcf7-text wpcf7-email wpcf7-validates-as-required wpcf7-validates-as-email ozy-half-input-last\" aria-required=\"true\" aria-invalid=\"false\" value=\"\" type=\"email\" name=\"your-email\" \/><\/span>\n<\/p>\n<p>Messaggio\n<\/p>\n<p><span class=\"wpcf7-form-control-wrap\" data-name=\"your-message\"><textarea cols=\"40\" rows=\"3\" class=\"wpcf7-form-control wpcf7-textarea\" aria-invalid=\"false\" name=\"your-message\"><\/textarea><\/span>\n<\/p>\n<p>\n<input class=\"wpcf7-form-control has-spinner wpcf7-submit\" type=\"submit\" value=\"&nbsp;&nbsp;&nbsp;&nbsp;INVIA&nbsp;&nbsp;&nbsp;&nbsp;\" \/>\n<\/p><div class=\"wpcf7-response-output\" aria-hidden=\"true\"><\/div>\n<\/form>\n<\/div>\n[\/vc_column][\/vc_row]<\/p>\n","protected":false},"excerpt":{"rendered":"<p>[vc_row css=&#8221;.vc_custom_1500629242276{margin-top: 60px !important;}&#8221; el_id=&#8221;tecnologiap&#8221; row_id=&#8221;tecnologiap&#8221;][vc_column][vc_column_text] Un sistema completo per il marketing di prossimit\u00e0 Le migliori tecnologie per rendere uniche le campagne di comunicazione. [\/vc_column_text][\/vc_column][\/vc_row][vc_row][vc_column width=&#8221;1\/4&#8243;][\/vc_column][vc_column width=&#8221;1\/4&#8243;][\/vc_column][vc_column width=&#8221;1\/4&#8243;][\/vc_column][vc_column width=&#8221;1\/4&#8243;][\/vc_column][\/vc_row][vc_row][vc_column width=&#8221;1\/4&#8243;][\/vc_column][vc_column [&hellip;]<\/p>\n","protected":false},"author":1,"featured_media":0,"parent":0,"menu_order":0,"comment_status":"open","ping_status":"open","template":"","meta":[],"_links":{"self":[{"href":"https:\/\/eurekasmartsolution.it\/index.php?rest_route=\/wp\/v2\/pages\/3352"}],"collection":[{"href":"https:\/\/eurekasmartsolution.it\/index.php?rest_route=\/wp\/v2\/pages"}],"about":[{"href":"https:\/\/eurekasmartsolution.it\/index.php?rest_route=\/wp\/v2\/types\/page"}],"author":[{"embeddable":true,"href":"https:\/\/eurekasmartsolution.it\/index.php?rest_route=\/wp\/v2\/users\/1"}],"replies":[{"embeddable":true,"href":"https:\/\/eurekasmartsolution.it\/index.php?rest_route=%2Fwp%2Fv2%2Fcomments&post=3352"}],"version-history":[{"count":114,"href":"https:\/\/eurekasmartsolution.it\/index.php?rest_route=\/wp\/v2\/pages\/3352\/revisions"}],"predecessor-version":[{"id":4695,"href":"https:\/\/eurekasmartsolution.it\/index.php?rest_route=\/wp\/v2\/pages\/3352\/revisions\/4695"}],"wp:attachment":[{"href":"https:\/\/eurekasmartsolution.it\/index.php?rest_route=%2Fwp%2Fv2%2Fmedia&parent=3352"}],"curies":[{"name":"wp","href":"https:\/\/api.w.org\/{rel}","templated":true}]}}